{"id":78,"date":"2024-02-23T14:21:42","date_gmt":"2024-02-23T14:21:42","guid":{"rendered":"https:\/\/opti-kon.com.tr\/?page_id=78"},"modified":"2024-02-23T14:48:05","modified_gmt":"2024-02-23T14:48:05","slug":"78-2","status":"publish","type":"page","link":"https:\/\/opti-kon.com.tr\/","title":{"rendered":"Ana Sayfa"},"content":{"rendered":"\n<div class=\"wp-block-group alignfull is-layout-constrained wp-block-group-is-layout-constrained\" style=\"padding-top:var(--wp--preset--spacing--50);padding-right:var(--wp--preset--spacing--50);padding-bottom:var(--wp--preset--spacing--50);padding-left:var(--wp--preset--spacing--50)\"><div class=\"wp-block-group__inner-container\">\n<div class=\"wp-block-group is-layout-constrained wp-container-core-group-layout-1 wp-block-group-is-layout-constrained\"><div class=\"wp-block-group__inner-container\">\n<h1 class=\"wp-block-heading has-text-align-center has-large-font-size\">\u00d6zg\u00fcn Elektronik ve Optik Sistemler<\/h1>\n\n\n\n<p class=\"has-text-align-center\">Optikon, elektronik sistemler ve kontrol \u00fcr\u00fcnleri \u00fcretmektedir.<\/p>\n\n\n\n<div class=\"wp-block-buttons is-content-justification-center is-layout-flex wp-container-core-buttons-layout-1 wp-block-buttons-is-layout-flex\">\n<div class=\"wp-block-button\"><a class=\"wp-block-button__link wp-element-button\">Hakk\u0131m\u0131zda<\/a><\/div>\n<\/div>\n<\/div><\/div>\n\n\n\n<div style=\"height:var(--wp--preset--spacing--30)\" aria-hidden=\"true\" class=\"wp-block-spacer\"><\/div>\n\n\n\n<figure class=\"wp-block-image alignwide size-full is-style-rounded\"><img loading=\"lazy\" decoding=\"async\" width=\"1236\" height=\"620\" src=\"http:\/\/opti-kon.com.tr\/wp-content\/uploads\/2024\/02\/1016.jpg\" alt=\"Teknokent Ofis\" class=\"wp-image-50\" srcset=\"https:\/\/opti-kon.com.tr\/wp-content\/uploads\/2024\/02\/1016.jpg 1236w, https:\/\/opti-kon.com.tr\/wp-content\/uploads\/2024\/02\/1016-300x150.jpg 300w, https:\/\/opti-kon.com.tr\/wp-content\/uploads\/2024\/02\/1016-1024x514.jpg 1024w, https:\/\/opti-kon.com.tr\/wp-content\/uploads\/2024\/02\/1016-768x385.jpg 768w\" sizes=\"(max-width: 1236px) 100vw, 1236px\" \/><\/figure>\n<\/div><\/div>\n\n\n\n<div class=\"wp-block-group alignfull is-layout-constrained wp-block-group-is-layout-constrained\" style=\"padding-top:var(--wp--preset--spacing--50);padding-right:var(--wp--preset--spacing--50);padding-bottom:var(--wp--preset--spacing--50);padding-left:var(--wp--preset--spacing--50)\"><div class=\"wp-block-group__inner-container\">\n<div class=\"wp-block-group is-layout-constrained wp-container-core-group-layout-3 wp-block-group-is-layout-constrained\"><div class=\"wp-block-group__inner-container\">\n<h1 class=\"wp-block-heading has-text-align-center has-large-font-size\">Yenilik ve s\u00fcrd\u00fcr\u00fclebilirli\u011fe ba\u011fl\u0131l\u0131k<\/h1>\n\n\n\n<p class=\"has-text-align-center\">Optikon, teknolojideki yenilikleri takip eden bir m\u00fchendislik \u015firketidir.<\/p>\n\n\n\n<div style=\"height:1.25rem\" aria-hidden=\"true\" class=\"wp-block-spacer\"><\/div>\n\n\n\n<div class=\"wp-block-buttons is-content-justification-center is-layout-flex wp-container-core-buttons-layout-2 wp-block-buttons-is-layout-flex\">\n<div class=\"wp-block-button\"><a class=\"wp-block-button__link wp-element-button\"><strong>\u00dcr\u00fcnlerimiz<\/strong><\/a><\/div>\n<\/div>\n<\/div><\/div>\n\n\n\n<div style=\"height:var(--wp--preset--spacing--30)\" aria-hidden=\"true\" class=\"wp-block-spacer\"><\/div>\n\n\n\n<figure class=\"wp-block-image alignwide size-full is-style-rounded\"><img loading=\"lazy\" decoding=\"async\" width=\"1500\" height=\"2000\" src=\"http:\/\/opti-kon.com.tr\/wp-content\/uploads\/2024\/02\/devre_bobin_Image-2024-02-23-at-16.15.10.jpeg\" alt=\"\" class=\"wp-image-37\" srcset=\"https:\/\/opti-kon.com.tr\/wp-content\/uploads\/2024\/02\/devre_bobin_Image-2024-02-23-at-16.15.10.jpeg 1500w, https:\/\/opti-kon.com.tr\/wp-content\/uploads\/2024\/02\/devre_bobin_Image-2024-02-23-at-16.15.10-225x300.jpeg 225w, https:\/\/opti-kon.com.tr\/wp-content\/uploads\/2024\/02\/devre_bobin_Image-2024-02-23-at-16.15.10-768x1024.jpeg 768w, https:\/\/opti-kon.com.tr\/wp-content\/uploads\/2024\/02\/devre_bobin_Image-2024-02-23-at-16.15.10-1152x1536.jpeg 1152w\" sizes=\"(max-width: 1500px) 100vw, 1500px\" \/><\/figure>\n<\/div><\/div>\n","protected":false},"excerpt":{"rendered":"<p>\u00d6zg\u00fcn Elektronik ve Optik Sistemler Optikon, elektronik sistemler ve kontrol \u00fcr\u00fcnleri \u00fcretmektedir. Yenilik ve s\u00fcrd\u00fcr\u00fclebilirli\u011fe ba\u011fl\u0131l\u0131k Optikon, teknolojideki yenilikleri takip eden bir m\u00fchendislik \u015firketidir.<\/p>\n","protected":false},"author":1,"featured_media":0,"parent":0,"menu_order":0,"comment_status":"closed","ping_status":"closed","template":"","meta":{"footnotes":""},"_links":{"self":[{"href":"https:\/\/opti-kon.com.tr\/index.php?rest_route=\/wp\/v2\/pages\/78"}],"collection":[{"href":"https:\/\/opti-kon.com.tr\/index.php?rest_route=\/wp\/v2\/pages"}],"about":[{"href":"https:\/\/opti-kon.com.tr\/index.php?rest_route=\/wp\/v2\/types\/page"}],"author":[{"embeddable":true,"href":"https:\/\/opti-kon.com.tr\/index.php?rest_route=\/wp\/v2\/users\/1"}],"replies":[{"embeddable":true,"href":"https:\/\/opti-kon.com.tr\/index.php?rest_route=%2Fwp%2Fv2%2Fcomments&post=78"}],"version-history":[{"count":10,"href":"https:\/\/opti-kon.com.tr\/index.php?rest_route=\/wp\/v2\/pages\/78\/revisions"}],"predecessor-version":[{"id":93,"href":"https:\/\/opti-kon.com.tr\/index.php?rest_route=\/wp\/v2\/pages\/78\/revisions\/93"}],"wp:attachment":[{"href":"https:\/\/opti-kon.com.tr\/index.php?rest_route=%2Fwp%2Fv2%2Fmedia&parent=78"}],"curies":[{"name":"wp","href":"https:\/\/api.w.org\/{rel}","templated":true}]}}