{"id":72,"date":"2024-02-23T14:10:27","date_gmt":"2024-02-23T14:10:27","guid":{"rendered":"https:\/\/opti-kon.com.tr\/?page_id=72"},"modified":"2024-10-10T09:45:32","modified_gmt":"2024-10-10T09:45:32","slug":"tticaret-sicil-bilgileri","status":"publish","type":"page","link":"https:\/\/opti-kon.com.tr\/?page_id=72","title":{"rendered":"Ticaret sicil bilgileri"},"content":{"rendered":"\n<p><strong>\u015eirket \u00dcnvan\u0131:<\/strong>\u00a0Optikon Elektronik \u0130malat Sanayi ve Ticaret Limited \u015eirketi<\/p>\n\n\n\n<p><strong>Hesap Bilgileri:<\/strong> OPT\u0130KON Elektronik \u0130malat San.Ve Tic. Ltd. \u015eti.<br>TL Hesap: T.C. Ziraat Bankas\u0131 A.\u015e. ESERTEPE\/ANKARA \u015eUBES\u0130<br>Hesap No:2101-97701537-5001 TR 2800 0100 2101 9770 1537 5001<\/p>\n\n\n\n<p><strong>Ofis Adresi:<\/strong>\u00a0<\/p>\n\n\n\n<p>Naci \u00c7ak\u0131r Mahallesi, 768. Cadde, No:7\/B,<br>06450, \u00c7ANKAYA, ANKARA<\/p>\n\n\n\n<p><strong>Telefon:<\/strong>&nbsp;0312 478 40 04 <\/p>\n\n\n\n<p><strong>Kay\u0131t Tarihi:<\/strong>&nbsp;02\/07\/2021<\/p>\n\n\n\n<p><strong>Kay\u0131t Numaras\u0131:<\/strong>&nbsp;462080<\/p>\n","protected":false},"excerpt":{"rendered":"<p>\u015eirket \u00dcnvan\u0131:\u00a0Optikon Elektronik \u0130malat Sanayi ve Ticaret Limited \u015eirketi Hesap Bilgileri: OPT\u0130KON Elektronik \u0130malat San.Ve Tic. Ltd. \u015eti.TL Hesap: T.C. Ziraat Bankas\u0131 A.\u015e. ESERTEPE\/ANKARA \u015eUBES\u0130Hesap No:2101-97701537-5001 TR 2800 0100 2101 9770 1537 5001 Ofis Adresi:\u00a0 Naci \u00c7ak\u0131r Mahallesi, 768. Cadde, No:7\/B,06450, \u00c7ANKAYA, ANKARA Telefon:&nbsp;0312 478 40 04 Kay\u0131t Tarihi:&nbsp;02\/07\/2021 Kay\u0131t Numaras\u0131:&nbsp;462080<\/p>\n","protected":false},"author":1,"featured_media":0,"parent":0,"menu_order":0,"comment_status":"closed","ping_status":"closed","template":"","meta":{"footnotes":""},"_links":{"self":[{"href":"https:\/\/opti-kon.com.tr\/index.php?rest_route=\/wp\/v2\/pages\/72"}],"collection":[{"href":"https:\/\/opti-kon.com.tr\/index.php?rest_route=\/wp\/v2\/pages"}],"about":[{"href":"https:\/\/opti-kon.com.tr\/index.php?rest_route=\/wp\/v2\/types\/page"}],"author":[{"embeddable":true,"href":"https:\/\/opti-kon.com.tr\/index.php?rest_route=\/wp\/v2\/users\/1"}],"replies":[{"embeddable":true,"href":"https:\/\/opti-kon.com.tr\/index.php?rest_route=%2Fwp%2Fv2%2Fcomments&post=72"}],"version-history":[{"count":4,"href":"https:\/\/opti-kon.com.tr\/index.php?rest_route=\/wp\/v2\/pages\/72\/revisions"}],"predecessor-version":[{"id":101,"href":"https:\/\/opti-kon.com.tr\/index.php?rest_route=\/wp\/v2\/pages\/72\/revisions\/101"}],"wp:attachment":[{"href":"https:\/\/opti-kon.com.tr\/index.php?rest_route=%2Fwp%2Fv2%2Fmedia&parent=72"}],"curies":[{"name":"wp","href":"https:\/\/api.w.org\/{rel}","templated":true}]}}