{"id":4,"date":"2024-02-23T12:36:29","date_gmt":"2024-02-23T12:36:29","guid":{"rendered":"https:\/\/opti-kon.com.tr\/?page_id=4"},"modified":"2024-02-23T13:56:51","modified_gmt":"2024-02-23T13:56:51","slug":"home","status":"publish","type":"page","link":"https:\/\/opti-kon.com.tr\/?page_id=4","title":{"rendered":"Hakk\u0131m\u0131zda"},"content":{"rendered":"\n<p>Optikon, ODT\u00dc Teknokent&#8217;te kurulmu\u015f, tekstil makine aksamlar\u0131, elektronik ve makine kontrol alanlar\u0131nda faaliyet g\u00f6steren bir teknoloji \u015firketidir.<\/p>\n\n\n\n<figure class=\"wp-block-gallery has-nested-images columns-default is-cropped wp-block-gallery-1 is-layout-flex wp-block-gallery-is-layout-flex\">\n<figure class=\"wp-block-image size-full\"><img loading=\"lazy\" decoding=\"async\" width=\"1825\" height=\"937\" data-id=\"52\" src=\"https:\/\/opti-kon.com.tr\/wp-content\/uploads\/2024\/02\/kaset_Image-2024-02-23-at-16.26.18.jpg\" alt=\"\" class=\"wp-image-52\" srcset=\"https:\/\/opti-kon.com.tr\/wp-content\/uploads\/2024\/02\/kaset_Image-2024-02-23-at-16.26.18.jpg 1825w, https:\/\/opti-kon.com.tr\/wp-content\/uploads\/2024\/02\/kaset_Image-2024-02-23-at-16.26.18-300x154.jpg 300w, https:\/\/opti-kon.com.tr\/wp-content\/uploads\/2024\/02\/kaset_Image-2024-02-23-at-16.26.18-1024x526.jpg 1024w, https:\/\/opti-kon.com.tr\/wp-content\/uploads\/2024\/02\/kaset_Image-2024-02-23-at-16.26.18-768x394.jpg 768w, https:\/\/opti-kon.com.tr\/wp-content\/uploads\/2024\/02\/kaset_Image-2024-02-23-at-16.26.18-1536x789.jpg 1536w\" sizes=\"(max-width: 1825px) 100vw, 1825px\" \/><\/figure>\n\n\n\n<figure class=\"wp-block-image size-full\"><img loading=\"lazy\" decoding=\"async\" width=\"1536\" height=\"2048\" data-id=\"53\" src=\"https:\/\/opti-kon.com.tr\/wp-content\/uploads\/2024\/02\/plastik_disli_Image-2024-02-23-at-16.28.59.jpeg\" alt=\"\" class=\"wp-image-53\" srcset=\"https:\/\/opti-kon.com.tr\/wp-content\/uploads\/2024\/02\/plastik_disli_Image-2024-02-23-at-16.28.59.jpeg 1536w, https:\/\/opti-kon.com.tr\/wp-content\/uploads\/2024\/02\/plastik_disli_Image-2024-02-23-at-16.28.59-225x300.jpeg 225w, https:\/\/opti-kon.com.tr\/wp-content\/uploads\/2024\/02\/plastik_disli_Image-2024-02-23-at-16.28.59-768x1024.jpeg 768w, https:\/\/opti-kon.com.tr\/wp-content\/uploads\/2024\/02\/plastik_disli_Image-2024-02-23-at-16.28.59-1152x1536.jpeg 1152w\" sizes=\"(max-width: 1536px) 100vw, 1536px\" \/><\/figure>\n\n\n\n<figure class=\"wp-block-image size-full\"><img loading=\"lazy\" decoding=\"async\" width=\"820\" height=\"615\" data-id=\"54\" src=\"https:\/\/opti-kon.com.tr\/wp-content\/uploads\/2024\/02\/program_Image-2024-02-23-at-16.29.47.jpeg\" alt=\"\" class=\"wp-image-54\" srcset=\"https:\/\/opti-kon.com.tr\/wp-content\/uploads\/2024\/02\/program_Image-2024-02-23-at-16.29.47.jpeg 820w, https:\/\/opti-kon.com.tr\/wp-content\/uploads\/2024\/02\/program_Image-2024-02-23-at-16.29.47-300x225.jpeg 300w, https:\/\/opti-kon.com.tr\/wp-content\/uploads\/2024\/02\/program_Image-2024-02-23-at-16.29.47-768x576.jpeg 768w\" sizes=\"(max-width: 820px) 100vw, 820px\" \/><\/figure>\n\n\n\n<figure class=\"wp-block-image size-full\"><img loading=\"lazy\" decoding=\"async\" width=\"1271\" height=\"1695\" data-id=\"60\" src=\"https:\/\/opti-kon.com.tr\/wp-content\/uploads\/2024\/02\/trafo_Image-2024-02-23-at-16.30.19-edited.jpeg\" alt=\"\" class=\"wp-image-60\" srcset=\"https:\/\/opti-kon.com.tr\/wp-content\/uploads\/2024\/02\/trafo_Image-2024-02-23-at-16.30.19-edited.jpeg 1271w, https:\/\/opti-kon.com.tr\/wp-content\/uploads\/2024\/02\/trafo_Image-2024-02-23-at-16.30.19-edited-225x300.jpeg 225w, https:\/\/opti-kon.com.tr\/wp-content\/uploads\/2024\/02\/trafo_Image-2024-02-23-at-16.30.19-edited-768x1024.jpeg 768w, https:\/\/opti-kon.com.tr\/wp-content\/uploads\/2024\/02\/trafo_Image-2024-02-23-at-16.30.19-edited-1152x1536.jpeg 1152w\" sizes=\"(max-width: 1271px) 100vw, 1271px\" \/><\/figure>\n<\/figure>\n","protected":false},"excerpt":{"rendered":"<p>Optikon, ODT\u00dc Teknokent&#8217;te kurulmu\u015f, tekstil makine aksamlar\u0131, elektronik ve makine kontrol alanlar\u0131nda faaliyet g\u00f6steren bir teknoloji \u015firketidir.<\/p>\n","protected":false},"author":1,"featured_media":50,"parent":0,"menu_order":0,"comment_status":"closed","ping_status":"closed","template":"template-homepage.php","meta":{"footnotes":""},"_links":{"self":[{"href":"https:\/\/opti-kon.com.tr\/index.php?rest_route=\/wp\/v2\/pages\/4"}],"collection":[{"href":"https:\/\/opti-kon.com.tr\/index.php?rest_route=\/wp\/v2\/pages"}],"about":[{"href":"https:\/\/opti-kon.com.tr\/index.php?rest_route=\/wp\/v2\/types\/page"}],"author":[{"embeddable":true,"href":"https:\/\/opti-kon.com.tr\/index.php?rest_route=\/wp\/v2\/users\/1"}],"replies":[{"embeddable":true,"href":"https:\/\/opti-kon.com.tr\/index.php?rest_route=%2Fwp%2Fv2%2Fcomments&post=4"}],"version-history":[{"count":8,"href":"https:\/\/opti-kon.com.tr\/index.php?rest_route=\/wp\/v2\/pages\/4\/revisions"}],"predecessor-version":[{"id":61,"href":"https:\/\/opti-kon.com.tr\/index.php?rest_route=\/wp\/v2\/pages\/4\/revisions\/61"}],"wp:featuredmedia":[{"embeddable":true,"href":"https:\/\/opti-kon.com.tr\/index.php?rest_route=\/wp\/v2\/media\/50"}],"wp:attachment":[{"href":"https:\/\/opti-kon.com.tr\/index.php?rest_route=%2Fwp%2Fv2%2Fmedia&parent=4"}],"curies":[{"name":"wp","href":"https:\/\/api.w.org\/{rel}","templated":true}]}}