{"id":2,"date":"2016-05-10T03:48:21","date_gmt":"2016-05-10T03:48:21","guid":{"rendered":"http:\/\/opti-kon.com.tr\/?page_id=2"},"modified":"2024-02-23T13:18:06","modified_gmt":"2024-02-23T13:18:06","slug":"sample-page","status":"publish","type":"page","link":"https:\/\/opti-kon.com.tr\/?page_id=2","title":{"rendered":"\u00dcr\u00fcnler ve Servisler"},"content":{"rendered":"<p>Optikon elektronik, yaz\u0131l\u0131m tasar\u0131m\u0131, elektronik donan\u0131m tasar\u0131m\u0131, test, imalat konular\u0131nda hizmet vermektedir. G\u00fcncel olarak, takemura dokuma makinelerine y\u00f6nelik alt sistem \u00fcretim faaliyetlerimiz devam etmektedir.\u00a0<\/p>\n<p><img loading=\"lazy\" decoding=\"async\" class=\"size-medium wp-image-37 aligncenter\" src=\"http:\/\/opti-kon.com.tr\/wp-content\/uploads\/2024\/02\/devre_bobin_Image-2024-02-23-at-16.15.10-225x300.jpeg\" alt=\"\" width=\"225\" height=\"300\" srcset=\"https:\/\/opti-kon.com.tr\/wp-content\/uploads\/2024\/02\/devre_bobin_Image-2024-02-23-at-16.15.10-225x300.jpeg 225w, https:\/\/opti-kon.com.tr\/wp-content\/uploads\/2024\/02\/devre_bobin_Image-2024-02-23-at-16.15.10-768x1024.jpeg 768w, https:\/\/opti-kon.com.tr\/wp-content\/uploads\/2024\/02\/devre_bobin_Image-2024-02-23-at-16.15.10-1152x1536.jpeg 1152w, https:\/\/opti-kon.com.tr\/wp-content\/uploads\/2024\/02\/devre_bobin_Image-2024-02-23-at-16.15.10.jpeg 1500w\" sizes=\"(max-width: 225px) 100vw, 225px\" \/><\/p>\n\n\n<p><\/p>\n","protected":false},"excerpt":{"rendered":"<p>Optikon elektronik, yaz\u0131l\u0131m tasar\u0131m\u0131, elektronik donan\u0131m tasar\u0131m\u0131, test, imalat konular\u0131nda hizmet vermektedir. G\u00fcncel olarak, takemura dokuma makinelerine y\u00f6nelik alt sistem \u00fcretim faaliyetlerimiz devam etmektedir.\u00a0<\/p>\n","protected":false},"author":1,"featured_media":0,"parent":0,"menu_order":0,"comment_status":"closed","ping_status":"open","template":"","meta":{"footnotes":""},"_links":{"self":[{"href":"https:\/\/opti-kon.com.tr\/index.php?rest_route=\/wp\/v2\/pages\/2"}],"collection":[{"href":"https:\/\/opti-kon.com.tr\/index.php?rest_route=\/wp\/v2\/pages"}],"about":[{"href":"https:\/\/opti-kon.com.tr\/index.php?rest_route=\/wp\/v2\/types\/page"}],"author":[{"embeddable":true,"href":"https:\/\/opti-kon.com.tr\/index.php?rest_route=\/wp\/v2\/users\/1"}],"replies":[{"embeddable":true,"href":"https:\/\/opti-kon.com.tr\/index.php?rest_route=%2Fwp%2Fv2%2Fcomments&post=2"}],"version-history":[{"count":4,"href":"https:\/\/opti-kon.com.tr\/index.php?rest_route=\/wp\/v2\/pages\/2\/revisions"}],"predecessor-version":[{"id":38,"href":"https:\/\/opti-kon.com.tr\/index.php?rest_route=\/wp\/v2\/pages\/2\/revisions\/38"}],"wp:attachment":[{"href":"https:\/\/opti-kon.com.tr\/index.php?rest_route=%2Fwp%2Fv2%2Fmedia&parent=2"}],"curies":[{"name":"wp","href":"https:\/\/api.w.org\/{rel}","templated":true}]}}