{"id":19,"date":"2024-02-23T12:52:09","date_gmt":"2024-02-23T12:52:09","guid":{"rendered":"https:\/\/opti-kon.com.tr\/?page_id=19"},"modified":"2024-10-10T09:46:59","modified_gmt":"2024-10-10T09:46:59","slug":"iletisim","status":"publish","type":"page","link":"https:\/\/opti-kon.com.tr\/?page_id=19","title":{"rendered":"\u0130leti\u015fim"},"content":{"rendered":"\n<p>OPTiKON Elektronik \u0130malat Sanayi ve Ticaret Ltd.\u015eti.<br><\/p>\n\n\n\n<p>Naci \u00c7ak\u0131r Mahallesi, 768. Cadde, No:7\/B, 06450, \u00c7ANKAYA, ANKARA,<\/p>\n\n\n\n<p>Tel: 0312 478 40 04<br>info@opti-kon.com.tr<\/p>\n","protected":false},"excerpt":{"rendered":"<p>OPTiKON Elektronik \u0130malat Sanayi ve Ticaret Ltd.\u015eti. Naci \u00c7ak\u0131r Mahallesi, 768. Cadde, No:7\/B, 06450, \u00c7ANKAYA, ANKARA, Tel: 0312 478 40 04info@opti-kon.com.tr<\/p>\n","protected":false},"author":1,"featured_media":0,"parent":0,"menu_order":0,"comment_status":"closed","ping_status":"closed","template":"","meta":{"footnotes":""},"_links":{"self":[{"href":"https:\/\/opti-kon.com.tr\/index.php?rest_route=\/wp\/v2\/pages\/19"}],"collection":[{"href":"https:\/\/opti-kon.com.tr\/index.php?rest_route=\/wp\/v2\/pages"}],"about":[{"href":"https:\/\/opti-kon.com.tr\/index.php?rest_route=\/wp\/v2\/types\/page"}],"author":[{"embeddable":true,"href":"https:\/\/opti-kon.com.tr\/index.php?rest_route=\/wp\/v2\/users\/1"}],"replies":[{"embeddable":true,"href":"https:\/\/opti-kon.com.tr\/index.php?rest_route=%2Fwp%2Fv2%2Fcomments&post=19"}],"version-history":[{"count":3,"href":"https:\/\/opti-kon.com.tr\/index.php?rest_route=\/wp\/v2\/pages\/19\/revisions"}],"predecessor-version":[{"id":103,"href":"https:\/\/opti-kon.com.tr\/index.php?rest_route=\/wp\/v2\/pages\/19\/revisions\/103"}],"wp:attachment":[{"href":"https:\/\/opti-kon.com.tr\/index.php?rest_route=%2Fwp%2Fv2%2Fmedia&parent=19"}],"curies":[{"name":"wp","href":"https:\/\/api.w.org\/{rel}","templated":true}]}}